{"id":1697,"date":"2025-11-07T17:59:42","date_gmt":"2025-11-07T16:59:42","guid":{"rendered":"https:\/\/spevinlog.com\/?page_id=1697"},"modified":"2025-11-07T18:01:34","modified_gmt":"2025-11-07T17:01:34","slug":"mentions-legales","status":"publish","type":"page","link":"https:\/\/spevinlog.com\/index.php\/mentions-legales\/","title":{"rendered":"Mentions l\u00e9gales"},"content":{"rendered":"<p>Politiques de confidentialit\u00e9 dont mentions l\u00e9gales<br \/>\nDerni\u00e8re mise \u00e0 jour : le 05\/11\/2025<br \/>\nSPE VIN LOG est la marque commerciale de prestation de service de la soci\u00e9t\u00e9 VIGNOBLES &#038; COMPAGNIE. Vous retrouverez les mentions l\u00e9gales dans l\u2019article 4 de la politique de confidentialit\u00e9.<br \/>\nLa charte ci-dessous d\u00e9taille la politique de VIGNOBLES &#038; COMPAGNIE en mati\u00e8re de protection des donn\u00e9es personnelles sur le site https:\/\/spevinlog.com\/<br \/>\nLa Soci\u00e9t\u00e9 respecte vos pr\u00e9occupations concernant la confidentialit\u00e9 des renseignements et informations personnelles que vous nous fournissez. En nous communiquant vos renseignements et donn\u00e9es personnelles, vous consentez \u00e0 ce qu\u2019ils soient utilis\u00e9s et communiqu\u00e9s dans les conditions d\u00e9finies ci-dessous :<br \/>\nARTICLE 1 : PR\u00c9AMBULE  <\/p>\n<p>La pr\u00e9sente politique de confidentialit\u00e9 a pour but d\u2019informer les utilisateurs du site :<br \/>\n\u2022\tSur la mani\u00e8re dont sont collect\u00e9es leurs donn\u00e9es personnelles. Sont consid\u00e9r\u00e9es comme des donn\u00e9es personnelles, toute information permettant d\u2019identifier un utilisateur. A ce titre, il peut s\u2019agir : de ses noms et pr\u00e9noms, de son \u00e2ge, de son adresse postale ou email, de sa localisation ou encore de son adresse IP (liste non-exhaustive) ;<br \/>\n\u2022\tSur les droits dont ils disposent concernant ces donn\u00e9es ;<br \/>\n\u2022\tSur la personne responsable du traitement des donn\u00e9es \u00e0 caract\u00e8re personnel collect\u00e9es et trait\u00e9es ;<br \/>\n\u2022\tSur les destinataires de ces donn\u00e9es personnelles ;<br \/>\n\u2022\tSur la politique du site en mati\u00e8re de cookies.  <\/p>\n<p>ARTICLE 2 : PRINCIPES RELATIFS \u00c0 LA COLLECTE ET AU TRAITEMENT DES DONN\u00c9ES PERSONNELLES <\/p>\n<p>Conform\u00e9ment \u00e0 l\u2019article 5 du R\u00e8glement europ\u00e9en 2016\/679, les donn\u00e9es \u00e0 caract\u00e8re personnel sont :<br \/>\n\u2022\tTrait\u00e9es de mani\u00e8re licite, loyale et transparente au regard de la personne concern\u00e9e ;<br \/>\n\u2022\tCollect\u00e9es pour des finalit\u00e9s d\u00e9termin\u00e9es (cf. Article 3.1 des pr\u00e9sentes), explicites et l\u00e9gitimes, et ne pas \u00eatre trait\u00e9es ult\u00e9rieurement d&rsquo;une mani\u00e8re incompatible avec ces finalit\u00e9s ;<br \/>\n\u2022\tAd\u00e9quates, pertinentes et limit\u00e9es \u00e0 ce qui est n\u00e9cessaire au regard des finalit\u00e9s pour lesquelles elles sont trait\u00e9es ;<br \/>\n\u2022\tExactes et, si n\u00e9cessaire, tenues \u00e0 jour. Toutes les mesures raisonnables doivent \u00eatre prises pour que les donn\u00e9es \u00e0 caract\u00e8re personnel qui sont inexactes, eu \u00e9gard aux finalit\u00e9s pour lesquelles elles sont trait\u00e9es, soient effac\u00e9es ou rectifi\u00e9es sans tarder ;<br \/>\n\u2022\tConserv\u00e9es sous une forme permettant l&rsquo;identification des personnes concern\u00e9es pendant une dur\u00e9e n&rsquo;exc\u00e9dant pas celle n\u00e9cessaire au regard des finalit\u00e9s pour lesquelles elles sont trait\u00e9es ;<br \/>\n\u2022\tTrait\u00e9es de fa\u00e7on \u00e0 garantir une s\u00e9curit\u00e9 appropri\u00e9e des donn\u00e9es collect\u00e9es, y compris la protection contre le traitement non autoris\u00e9 ou illicite et contre la perte, la destruction ou les d\u00e9g\u00e2ts d&rsquo;origine accidentelle, \u00e0 l&rsquo;aide de mesures techniques ou organisationnelles appropri\u00e9es.<br \/>\nLe traitement n&rsquo;est licite que si, et dans la mesure o\u00f9, au moins une des conditions suivantes est remplie :<br \/>\n\u2022\tLa personne concern\u00e9e a consenti au traitement de ses donn\u00e9es \u00e0 caract\u00e8re personnel pour une ou plusieurs finalit\u00e9s sp\u00e9cifiques ;<br \/>\n\u2022\tLe traitement est n\u00e9cessaire \u00e0 l&rsquo;ex\u00e9cution d&rsquo;un contrat auquel la personne concern\u00e9e est partie ou \u00e0 l&rsquo;ex\u00e9cution de mesures pr\u00e9contractuelles prises \u00e0 la demande de celle-ci ;<br \/>\n\u2022\tLe traitement est n\u00e9cessaire au respect d&rsquo;une obligation l\u00e9gale \u00e0 laquelle le responsable du traitement est soumis ;<br \/>\n\u2022\tLe traitement est n\u00e9cessaire \u00e0 la sauvegarde des int\u00e9r\u00eats vitaux de la personne concern\u00e9e ou d&rsquo;une autre personne physique ;<br \/>\n\u2022\tLe traitement est n\u00e9cessaire \u00e0 l&rsquo;ex\u00e9cution d&rsquo;une mission d&rsquo;int\u00e9r\u00eat public ou relevant de l&rsquo;exercice de l&rsquo;autorit\u00e9 publique dont est investi le responsable du traitement ;<br \/>\n\u2022\tLe traitement est n\u00e9cessaire aux fins des int\u00e9r\u00eats l\u00e9gitimes poursuivis par le responsable du traitement ou par un tiers, \u00e0 moins que ne pr\u00e9valent les int\u00e9r\u00eats ou les libert\u00e9s et droits fondamentaux de la personne concern\u00e9e qui exigent une protection des donn\u00e9es \u00e0 caract\u00e8re personnel, notamment lorsque la personne concern\u00e9e est un enfant. <\/p>\n<p>ARTICLE 3 : DONN\u00c9ES \u00c0 CARACT\u00c8RE PERSONNEL COLLECT\u00c9ES ET TRAIT\u00c9ES DANS LE CADRE DE LA NAVIGATION SUR LE SITE  <\/p>\n<p>Article 3.1 : Donn\u00e9es collect\u00e9es<br \/>\nLes donn\u00e9es personnelles et non personnelles collect\u00e9es dans le cadre de notre activit\u00e9 sont les suivantes :<br \/>\n\u2022\tDes donn\u00e9es d\u2019identification (notamment vos nom, pr\u00e9noms, adresse email et postale, num\u00e9ro de t\u00e9l\u00e9phone) ;<br \/>\n\u2022\tDes donn\u00e9es relatives \u00e0 vos commandes ;<br \/>\n\u2022\tDes donn\u00e9es de connexion (par exemple adresse IP, navigateur, appareil, comportement de navigation, logs) ;<br \/>\n\u2022\tDes donn\u00e9es \u00e9conomiques et financi\u00e8res (par exemple : RIB, carte bancaire) ;<br \/>\nLa collecte et le traitement de ces donn\u00e9es r\u00e9pond \u00e0 la (aux) finalit\u00e9(s) suivante(s) :<br \/>\n\u2022\tTraitement des commandes<br \/>\no\tGestion et traitement des commandes<br \/>\no\tEnvoi des produits<br \/>\no\tTraitement des paiements<br \/>\n\u2022\tAm\u00e9lioration de nos services<br \/>\no\tAm\u00e9liorer l\u2019exp\u00e9rience utilisateur sur notre site Web<br \/>\no\tAnalyser l\u2019utilisation du site et les tendances<br \/>\no\tAm\u00e9liorer le service client et le support<br \/>\n\u2022\tCommunication<br \/>\no\tEnvoi de mises \u00e0 jour et d\u2019informations relatives \u00e0 vos achats<br \/>\no\tEnvoi de mat\u00e9riel promotionnel et de newsletters (avec votre accord)<br \/>\no\tR\u00e9pondre aux demandes de renseignements et aux demandes du service client<\/p>\n<p>Article 3.2 : Protection des donn\u00e9es<br \/>\n\u2022\tMesures de s\u00e9curit\u00e9<br \/>\no\tNous utilisons diverses mesures de s\u00e9curit\u00e9 pour maintenir la s\u00e9curit\u00e9 de vos donn\u00e9es personnelles lorsque vous passez une commande ou saisissez, soumettez ou acc\u00e9dez \u00e0 vos informations personnelles.<br \/>\no\tCes mesures incluent le chiffrement SSL, des serveurs s\u00e9curis\u00e9s et un acc\u00e8s restreint aux donn\u00e9es personnelles.<br \/>\n\u2022\tConservation des donn\u00e9es<br \/>\no\tNous conservons les donn\u00e9es personnelles uniquement aussi longtemps que n\u00e9cessaire pour atteindre les objectifs d\u00e9crits dans cette politique, respecter nos obligations l\u00e9gales, r\u00e9soudre les litiges et faire respecter nos accords.<br \/>\nArticle 3.3 : Partage de vos donn\u00e9es<br \/>\n\u2022\tServices fournis par des tiers<br \/>\no\tNous pouvons partager vos informations avec des prestataires de services tiers qui nous aident \u00e0 exploiter notre site Web, \u00e0 mener nos activit\u00e9s ou \u00e0 vous servir. Ces tiers sont contractuellement tenus de garder vos informations confidentielles et s\u00e9curis\u00e9es.<br \/>\n\u2022\tExigences l\u00e9gales<br \/>\no\tNous pouvons divulguer vos informations si la loi l\u2019exige, par exemple pour nous conformer \u00e0 une assignation \u00e0 compara\u00eetre ou \u00e0 une proc\u00e9dure judiciaire similaire, ou lorsque nous croyons de bonne foi que la divulgation est n\u00e9cessaire pour prot\u00e9ger nos droits, votre s\u00e9curit\u00e9 ou celle d\u2019autrui. <\/p>\n<p>ARTICLE 4 : MENTIONS LEGALES \/ RESPONSABLE DU TRAITEMENT DES DONN\u00c9ES ET D\u00c9L\u00c9GU\u00c9 \u00c0 LA PROTECTION DES DONN\u00c9ES  <\/p>\n<p>Les donn\u00e9es \u00e0 caract\u00e8re personnelles sont collect\u00e9es par Vignobles &#038; Compagnie, soci\u00e9t\u00e9 anonyme \u00e0 conseil d\u2019administration, au capital de 1 845 000,00 Euros dont le num\u00e9ro d\u2019immatriculation est le 690 200 910 R.C.S. N\u00eemes.<br \/>\nSIRET : 690 200 910 00014<br \/>\nCode APE : 4634Z<br \/>\nH\u00e9bergeur : OVH<\/p>\n<p>Le responsable du traitement des donn\u00e9es \u00e0 caract\u00e8re personnel peut \u00eatre contact\u00e9 de la mani\u00e8re suivante :<br \/>\nPar courrier \u00e0 l\u2019adresse :  Vignobles &#038; Compagnie, 19 chemin neuf, 30210 Castillon du Gard, France<br \/>\nPar t\u00e9l\u00e9phone : +33 (0)4 66 37 49 50<br \/>\nPar mail : contact@vignoblescompagnie.com  <\/p>\n<p>Si vous estimez, apr\u00e8s nous avoir contact\u00e9s, que vos droits \u201cInformatique et Libert\u00e9s\u201d, ne sont pas respect\u00e9s, vous pouvez adresser une information \u00e0 la CNIL. <\/p>\n<p>ARTICLE 5 : LES DROITS DE L\u2019UTILISATEUR EN MATI\u00c8RE DE COLLECTE ET DE TRAITEMENT DES DONN\u00c9ES<br \/>\nTout utilisateur concern\u00e9 par le traitement de ses donn\u00e9es personnelles peut se pr\u00e9valoir des droits suivants, en application du r\u00e8glement europ\u00e9en 2016\/679 et de la Loi Informatique et Libert\u00e9 (Loi 78-17 du 6 janvier 1978) :<br \/>\n\u2022\tDroit d\u2019acc\u00e8s, de rectification et droit \u00e0 l\u2019effacement des donn\u00e9es (pos\u00e9s respectivement aux articles 15, 16 et 17 du RGPD) ;<br \/>\n\u2022\tDroit \u00e0 la portabilit\u00e9 des donn\u00e9es (article 20 du RGPD) ;<br \/>\n\u2022\tDroit \u00e0 la limitation (article 18 du RGPD) et \u00e0 l\u2019opposition du traitement des donn\u00e9es (article 21 du RGPD) ;<br \/>\n\u2022\tDroit de ne pas faire l\u2019objet d\u2019une d\u00e9cision fond\u00e9e exclusivement sur un proc\u00e9d\u00e9 automatis\u00e9 ;<br \/>\n\u2022\tDroit de d\u00e9terminer le sort des donn\u00e9es apr\u00e8s la mort ;<br \/>\n\u2022\tDroit de saisir l\u2019autorit\u00e9 de contr\u00f4le comp\u00e9tente (article 77 du RGPD).<br \/>\nPour exercer vos droits, veuillez adresser votre courrier \u00e0 Vignobles &#038; Compagnie, 19 chemin neuf, 30210 Castillon du Gard, France ou par mail \u00e0 contact@vignoblescompagnie.com.<br \/>\nAfin que le responsable du traitement des donn\u00e9es puisse faire droit \u00e0 sa demande, l\u2019utilisateur peut \u00eatre tenu de lui communiquer certaines informations telles que : ses noms et pr\u00e9noms, son adresse e-mail ainsi que son num\u00e9ro de compte, d\u2019espace personnel ou d\u2019abonn\u00e9.<br \/>\nConsultez le site cnil.fr pour plus d\u2019informations sur vos droits. <\/p>\n<p>ARTICLE 6 : CONDITIONS DE MODIFICATION DE LA POLITIQUE DE CONFIDENTIALIT\u00c9 <\/p>\n<p>L\u2019\u00e9diteur du site SPE VIN LOG se r\u00e9serve le droit de pouvoir modifier la pr\u00e9sente Politique \u00e0 tout moment afin d\u2019assurer aux utilisateurs du site sa conformit\u00e9 avec le droit en vigueur.<br \/>\nLes \u00e9ventuelles modifications ne sauraient avoir d\u2019incidence sur les achats ant\u00e9rieurement effectu\u00e9s sur le site, lesquels restent soumis \u00e0 la Politique en vigueur au moment de l\u2019achat et telle qu\u2019accept\u00e9e par l\u2019utilisateur lors de la validation de l\u2019achat.<br \/>\nL\u2019utilisateur est invit\u00e9 \u00e0 prendre connaissance de cette Politique \u00e0 chaque fois qu\u2019il utilise nos services, sans qu\u2019il soit n\u00e9cessaire de l\u2019en pr\u00e9venir formellement. <\/p>\n","protected":false},"excerpt":{"rendered":"<p>Politiques de confidentialit\u00e9 dont mentions l\u00e9gales Derni\u00e8re mise \u00e0 jour : le 05\/11\/2025 SPE VIN LOG est la marque commerciale de prestation de service de la soci\u00e9t\u00e9 VIGNOBLES &#038; COMPAGNIE. Vous retrouverez les mentions l\u00e9gales dans l\u2019article 4 de la politique de confidentialit\u00e9. La charte ci-dessous d\u00e9taille la politique de VIGNOBLES &#038; COMPAGNIE en mati\u00e8re<\/p>\n","protected":false},"author":1,"featured_media":0,"parent":0,"menu_order":0,"comment_status":"closed","ping_status":"closed","template":"","meta":{"footnotes":""},"class_list":["post-1697","page","type-page","status-publish","hentry"],"yoast_head":"<!-- This site is optimized with the Yoast SEO plugin v26.4 - https:\/\/yoast.com\/wordpress\/plugins\/seo\/ -->\n<title>Mentions l\u00e9gales - SPE VIN LOG<\/title>\n<meta name=\"robots\" content=\"index, follow, max-snippet:-1, max-image-preview:large, max-video-preview:-1\" \/>\n<link rel=\"canonical\" href=\"https:\/\/spevinlog.com\/index.php\/mentions-legales\/\" \/>\n<meta property=\"og:locale\" content=\"fr_FR\" \/>\n<meta property=\"og:type\" content=\"article\" \/>\n<meta property=\"og:title\" content=\"Mentions l\u00e9gales - SPE VIN LOG\" \/>\n<meta property=\"og:description\" content=\"Politiques de confidentialit\u00e9 dont mentions l\u00e9gales Derni\u00e8re mise \u00e0 jour : le 05\/11\/2025 SPE VIN LOG est la marque commerciale de prestation de service de la soci\u00e9t\u00e9 VIGNOBLES &#038; COMPAGNIE. Vous retrouverez les mentions l\u00e9gales dans l\u2019article 4 de la politique de confidentialit\u00e9. La charte ci-dessous d\u00e9taille la politique de VIGNOBLES &#038; COMPAGNIE en mati\u00e8re\" \/>\n<meta property=\"og:url\" content=\"https:\/\/spevinlog.com\/index.php\/mentions-legales\/\" \/>\n<meta property=\"og:site_name\" content=\"SPE VIN LOG\" \/>\n<meta property=\"article:modified_time\" content=\"2025-11-07T17:01:34+00:00\" \/>\n<meta name=\"twitter:card\" content=\"summary_large_image\" \/>\n<meta name=\"twitter:label1\" content=\"Dur\u00e9e de lecture estim\u00e9e\" \/>\n\t<meta name=\"twitter:data1\" content=\"8 minutes\" \/>\n<script type=\"application\/ld+json\" class=\"yoast-schema-graph\">{\"@context\":\"https:\/\/schema.org\",\"@graph\":[{\"@type\":\"WebPage\",\"@id\":\"https:\/\/spevinlog.com\/index.php\/mentions-legales\/\",\"url\":\"https:\/\/spevinlog.com\/index.php\/mentions-legales\/\",\"name\":\"Mentions l\u00e9gales - SPE VIN LOG\",\"isPartOf\":{\"@id\":\"https:\/\/spevinlog.com\/#website\"},\"datePublished\":\"2025-11-07T16:59:42+00:00\",\"dateModified\":\"2025-11-07T17:01:34+00:00\",\"breadcrumb\":{\"@id\":\"https:\/\/spevinlog.com\/index.php\/mentions-legales\/#breadcrumb\"},\"inLanguage\":\"fr-FR\",\"potentialAction\":[{\"@type\":\"ReadAction\",\"target\":[\"https:\/\/spevinlog.com\/index.php\/mentions-legales\/\"]}]},{\"@type\":\"BreadcrumbList\",\"@id\":\"https:\/\/spevinlog.com\/index.php\/mentions-legales\/#breadcrumb\",\"itemListElement\":[{\"@type\":\"ListItem\",\"position\":1,\"name\":\"Accueil\",\"item\":\"https:\/\/spevinlog.com\/\"},{\"@type\":\"ListItem\",\"position\":2,\"name\":\"Mentions l\u00e9gales\"}]},{\"@type\":\"WebSite\",\"@id\":\"https:\/\/spevinlog.com\/#website\",\"url\":\"https:\/\/spevinlog.com\/\",\"name\":\"SPEVINLOG\",\"description\":\"| Prestataire d\u2019embouteillage et logistique vins \u2013 Gard\",\"publisher\":{\"@id\":\"https:\/\/spevinlog.com\/#organization\"},\"potentialAction\":[{\"@type\":\"SearchAction\",\"target\":{\"@type\":\"EntryPoint\",\"urlTemplate\":\"https:\/\/spevinlog.com\/?s={search_term_string}\"},\"query-input\":{\"@type\":\"PropertyValueSpecification\",\"valueRequired\":true,\"valueName\":\"search_term_string\"}}],\"inLanguage\":\"fr-FR\"},{\"@type\":\"Organization\",\"@id\":\"https:\/\/spevinlog.com\/#organization\",\"name\":\"SPEVINLOG\",\"url\":\"https:\/\/spevinlog.com\/\",\"logo\":{\"@type\":\"ImageObject\",\"inLanguage\":\"fr-FR\",\"@id\":\"https:\/\/spevinlog.com\/#\/schema\/logo\/image\/\",\"url\":\"https:\/\/spevinlog.com\/wp-content\/uploads\/2025\/11\/cropped-LOGO-SPE-VIN-LOG.webp\",\"contentUrl\":\"https:\/\/spevinlog.com\/wp-content\/uploads\/2025\/11\/cropped-LOGO-SPE-VIN-LOG.webp\",\"width\":512,\"height\":512,\"caption\":\"SPEVINLOG\"},\"image\":{\"@id\":\"https:\/\/spevinlog.com\/#\/schema\/logo\/image\/\"}}]}<\/script>\n<!-- \/ Yoast SEO plugin. -->","yoast_head_json":{"title":"Mentions l\u00e9gales - SPE VIN LOG","robots":{"index":"index","follow":"follow","max-snippet":"max-snippet:-1","max-image-preview":"max-image-preview:large","max-video-preview":"max-video-preview:-1"},"canonical":"https:\/\/spevinlog.com\/index.php\/mentions-legales\/","og_locale":"fr_FR","og_type":"article","og_title":"Mentions l\u00e9gales - SPE VIN LOG","og_description":"Politiques de confidentialit\u00e9 dont mentions l\u00e9gales Derni\u00e8re mise \u00e0 jour : le 05\/11\/2025 SPE VIN LOG est la marque commerciale de prestation de service de la soci\u00e9t\u00e9 VIGNOBLES &#038; COMPAGNIE. Vous retrouverez les mentions l\u00e9gales dans l\u2019article 4 de la politique de confidentialit\u00e9. La charte ci-dessous d\u00e9taille la politique de VIGNOBLES &#038; COMPAGNIE en mati\u00e8re","og_url":"https:\/\/spevinlog.com\/index.php\/mentions-legales\/","og_site_name":"SPE VIN LOG","article_modified_time":"2025-11-07T17:01:34+00:00","twitter_card":"summary_large_image","twitter_misc":{"Dur\u00e9e de lecture estim\u00e9e":"8 minutes"},"schema":{"@context":"https:\/\/schema.org","@graph":[{"@type":"WebPage","@id":"https:\/\/spevinlog.com\/index.php\/mentions-legales\/","url":"https:\/\/spevinlog.com\/index.php\/mentions-legales\/","name":"Mentions l\u00e9gales - SPE VIN LOG","isPartOf":{"@id":"https:\/\/spevinlog.com\/#website"},"datePublished":"2025-11-07T16:59:42+00:00","dateModified":"2025-11-07T17:01:34+00:00","breadcrumb":{"@id":"https:\/\/spevinlog.com\/index.php\/mentions-legales\/#breadcrumb"},"inLanguage":"fr-FR","potentialAction":[{"@type":"ReadAction","target":["https:\/\/spevinlog.com\/index.php\/mentions-legales\/"]}]},{"@type":"BreadcrumbList","@id":"https:\/\/spevinlog.com\/index.php\/mentions-legales\/#breadcrumb","itemListElement":[{"@type":"ListItem","position":1,"name":"Accueil","item":"https:\/\/spevinlog.com\/"},{"@type":"ListItem","position":2,"name":"Mentions l\u00e9gales"}]},{"@type":"WebSite","@id":"https:\/\/spevinlog.com\/#website","url":"https:\/\/spevinlog.com\/","name":"SPEVINLOG","description":"| Prestataire d\u2019embouteillage et logistique vins \u2013 Gard","publisher":{"@id":"https:\/\/spevinlog.com\/#organization"},"potentialAction":[{"@type":"SearchAction","target":{"@type":"EntryPoint","urlTemplate":"https:\/\/spevinlog.com\/?s={search_term_string}"},"query-input":{"@type":"PropertyValueSpecification","valueRequired":true,"valueName":"search_term_string"}}],"inLanguage":"fr-FR"},{"@type":"Organization","@id":"https:\/\/spevinlog.com\/#organization","name":"SPEVINLOG","url":"https:\/\/spevinlog.com\/","logo":{"@type":"ImageObject","inLanguage":"fr-FR","@id":"https:\/\/spevinlog.com\/#\/schema\/logo\/image\/","url":"https:\/\/spevinlog.com\/wp-content\/uploads\/2025\/11\/cropped-LOGO-SPE-VIN-LOG.webp","contentUrl":"https:\/\/spevinlog.com\/wp-content\/uploads\/2025\/11\/cropped-LOGO-SPE-VIN-LOG.webp","width":512,"height":512,"caption":"SPEVINLOG"},"image":{"@id":"https:\/\/spevinlog.com\/#\/schema\/logo\/image\/"}}]}},"_links":{"self":[{"href":"https:\/\/spevinlog.com\/index.php\/wp-json\/wp\/v2\/pages\/1697","targetHints":{"allow":["GET"]}}],"collection":[{"href":"https:\/\/spevinlog.com\/index.php\/wp-json\/wp\/v2\/pages"}],"about":[{"href":"https:\/\/spevinlog.com\/index.php\/wp-json\/wp\/v2\/types\/page"}],"author":[{"embeddable":true,"href":"https:\/\/spevinlog.com\/index.php\/wp-json\/wp\/v2\/users\/1"}],"replies":[{"embeddable":true,"href":"https:\/\/spevinlog.com\/index.php\/wp-json\/wp\/v2\/comments?post=1697"}],"version-history":[{"count":1,"href":"https:\/\/spevinlog.com\/index.php\/wp-json\/wp\/v2\/pages\/1697\/revisions"}],"predecessor-version":[{"id":1698,"href":"https:\/\/spevinlog.com\/index.php\/wp-json\/wp\/v2\/pages\/1697\/revisions\/1698"}],"wp:attachment":[{"href":"https:\/\/spevinlog.com\/index.php\/wp-json\/wp\/v2\/media?parent=1697"}],"curies":[{"name":"wp","href":"https:\/\/api.w.org\/{rel}","templated":true}]}}